{"id":434,"date":"2017-05-07T18:40:53","date_gmt":"2017-05-07T18:40:53","guid":{"rendered":"https:\/\/victorthemes.com\/themes\/brixey\/?page_id=434"},"modified":"2025-04-15T22:10:55","modified_gmt":"2025-04-15T22:10:55","slug":"about-2","status":"publish","type":"page","link":"https:\/\/www.katleenluizaga.com.br\/?page_id=434","title":{"rendered":"about"},"content":{"rendered":"<p>[vc_row overlay_dotted=&#8221;&#8221; el_class=&#8221;container&#8221;][vc_column css=&#8221;.vc_custom_1494933874057{padding-right: 0px !important;padding-left: 0px !important;}&#8221;]<div class=\"brxy-services style2\"><div class=\"services-wrap\"><div class=\"service-item service-1\">\n              <div class=\"col-md-6\">\n                <div class=\"service-info\">\n                  <div class=\"brxy-table-container\">\n                    <div class=\"brxy-align-container\">\n                      \n                      <div class=\"service-title\">bio<\/div>\n                      <div class=\"brxy-cta-cnt \" ><p style=\"text-align: center;\">Formada pela Pontif\u00edcia Universidade Cat\u00f3lica do Paran\u00e1, a desenhista industrial e designer de interiores, Katleen Luizaga acredita que as pessoas precisam estar em um lugar que se sintam bem, com boas energias para que a vida seja leve e feliz. A experi\u00eancia de viver na Europa por alguns anos e cursar Desenho e Arquitetura na Elisava, Escola Universitaria de Disseny i Enginyeria de Barcelona fez com que a profissional se apaixonasse ainda mais pelo universo das artes e do design. O escrit\u00f3rio valoriza tend\u00eancias modernistas e entrega projetos contempor\u00e2neos e funcionais, pensado nos m\u00ednimos detalhes.<\/p>\n<p>&nbsp;<\/p>\n<p style=\"text-align: center;\"><em>Profissional CasaCor PR 2017, 2018 e 2019<\/em><br \/>\n<em>Associada da ABD |<\/em><br \/>\n<em>Associa\u00e7\u00e3o Brasileira de Designers de Interiores<\/em><\/p>\n<\/div>\n                    <\/div>\n                  <\/div>\n                <\/div>\n              <\/div><div class=\"service-picture\"><img decoding=\"async\" src=\"https:\/\/www.katleenluizaga.com.br\/wp-content\/uploads\/2020\/06\/Katleen-Luizaga-02-KL.jpg\" alt=\"bio\"><\/div><\/div><div class=\"service-item service-2\">\n              <div class=\"col-md-6\">\n                <div class=\"service-info\">\n                  <div class=\"brxy-table-container\">\n                    <div class=\"brxy-align-container\">\n                      \n                      <div class=\"service-title\">concept<\/div>\n                      <div class=\"brxy-cta-cnt \" ><p>Inspira\u00e7\u00f5es de viagens, da nossa cultura brasileira t\u00e3o rica em materiais, do mundo da moda e da arquitetura internacional s\u00e3o sua refer\u00eancia na hora de desenhar sonhos e trazer o almejado \u00e0 realidade: ambientes atemporais, com uma linguagem jovem, cheio de mem\u00f3rias e afetividade. A alta capacidade de sintetizar informa\u00e7\u00f5es de forma gr\u00e1fica e compreender as reais necessidades dos indiv\u00edduos, a preocupa\u00e7\u00e3o com o consumo consciente, a valoriza\u00e7\u00e3o da est\u00e9tica, do conforto e qualidade de vida, aliado ao um olhar observador e a t\u00e9cnica traduzem seu trabalho.<\/p>\n<\/div>\n                    <\/div>\n                  <\/div>\n                <\/div>\n              <\/div><div class=\"service-picture\"><img decoding=\"async\" src=\"https:\/\/www.katleenluizaga.com.br\/wp-content\/uploads\/2020\/06\/CASACOR-PR_Katleen-Luizaga_Suite-de-Hospedes_Eduardo-Macarios_5-e1591322788724.jpg\" alt=\"concept\"><\/div><\/div><div class=\"service-item service-3\">\n              <div class=\"col-md-6\">\n                <div class=\"service-info\">\n                  <div class=\"brxy-table-container\">\n                    <div class=\"brxy-align-container\">\n                      \n                      <div class=\"service-title\">Interior design<\/div>\n                      <div class=\"brxy-cta-cnt \" ><p style=\"text-align: center;\">A busca constante por solu\u00e7\u00f5es inovadoras e novas tecnologias, sempre enaltecendo a personalidade de cada cliente do in\u00edcio ao fim do processo criativo \u00e9 o diferencial do est\u00fadio e que torna cada projeto \u00fanico. Desde 2014, a designer de interiores lidera seu escrit\u00f3rio, que conta com uma equipe de colaboradores qualificados, como engenheiros e estagi\u00e1rios em arquitetura e design, onde desenvolve e acompanha projetos residenciais, corporativos e comerciais de forma bastante arrojada.<\/p>\n<p>&nbsp;<\/p>\n<p>&#x2796;\u00a0Projetos de Interiores Residencial e Corporativo<br \/>\n&#x2796;\u00a0Acompanhamento em Obras<br \/>\n&#x2796;\u00a0Consultoria Criativa<br \/>\n&#x2796;\u00a0Produ\u00e7\u00e3o de Ambientes<\/p>\n<\/div><div class=\"brxy-cta-cnt \" ><\/div>\n                    <\/div>\n                  <\/div>\n                <\/div>\n              <\/div><div class=\"service-picture\"><img decoding=\"async\" src=\"https:\/\/www.katleenluizaga.com.br\/wp-content\/uploads\/2020\/06\/DSC_9676-e1591322814293.jpg\" alt=\"Interior design\"><\/div><\/div><\/div><\/div>[\/vc_column][\/vc_row][vc_row overlay_dotted=&#8221;&#8221;][vc_column][vc_empty_space height=&#8221;35px&#8221;][vc_column_text css=&#8221;.vc_custom_1591659737051{margin-bottom: -20px !important;border-bottom-width: -20px !important;padding-bottom: -50px !important;}&#8221;]<\/p>\n<p style=\"text-align: center;\">DEPOIMENTOS CLIENTES<\/p>\n<p>[\/vc_column_text]    <!-- brxy testimonials -->\n    <div class=\"brxy-testimonial  brxy-testi-carousel-69fc48daabd27\">\n      <div class=\"container\">\n        <div class=\"brxy-container\">\n          <div class=\"brxy-carousel\" data-loop=\"false\" data-items=\"1\" data-margin=\"0\" data-nav=\"true\"   >\n            <div class=\"item\">\n                <p style=\"line-height: 1.6;\">O trabalho da Katleen foi preciso e atencioso. Ela conseguiu decifrar minhas necessidades, fazendo do meu quarto e closet espa\u00e7os funcionais, al\u00e9m de muito bonitos.<br>\r\n\r\n<br><em>Domingos Portilho Filho - Advogado<\/em><\/p><h6><span class=\"client-designation\">Advogado<\/span><\/h6><\/div><div class=\"item\">\n                <p style=\"line-height: 1.6;\">Sou s\u00edndico profissional, acostumado com diversos trabalhos nos edif\u00edcios que visito. Sem d\u00favida me surpreendi com o trabalho \u00fanico realizado no Condom\u00ednio Edif\u00edcio Tibagi, a profissional trouxe a sofistica\u00e7\u00e3o que o Edif\u00edcio comercial necessitava em seu interior. Agrade\u00e7o o trabalho prestado. \u00d3tima parceria.<br>\r\n\r\n<br><em>Erik Rodrigues - S\u00edndico profissional<\/em><\/p><\/div><div class=\"item\">\n                <p style=\"line-height: 1.6;\">A Katleen foi a profissional respons\u00e1vel pelo projeto de interiores e decora\u00e7\u00e3o em meu sobrado e fiquei muito feliz com o desenvolvimento de suas ideias, sugest\u00f5es criativas e solu\u00e7\u00f5es encontradas, al\u00e9m de toda a compet\u00eancia no acompanhamento da execu\u00e7\u00e3o do projeto realizado junto aos fornecedores.<br>\r\n\r\n<br><em>\u00c9rico Gon\u00e7alves - Triatleta<\/em>\r\n\r\n&nbsp;<\/p><\/div><div class=\"item\">\n                <p style=\"line-height: 1.6;\">Realizamos o projeto de reforma do nosso apartamento com o escrit\u00f3rio, posso dizer que hoje no meu lar cada ambiente reflete o que somos, eles conseguiram unir modernidade, conforto e praticidade, curtimos cada canto, isto gra\u00e7as a um olhar criterioso da nossa hist\u00f3ria e do que gostamos, acredito que o sucesso de um projeto est\u00e1 nesta conex\u00e3o!\r\nParab\u00e9ns pelo profissionalismo e obrigada!<br>\r\n\r\n<br><em>Dra. Adriana Bonfim - Cirurgi\u00e3 Dentista<\/em><\/p><\/div>          <\/div>\n        <\/div>\n      <\/div>\n    <\/div>\n    [\/vc_column][\/vc_row]<\/p>\n","protected":false},"excerpt":{"rendered":"[vc_row overlay_dotted=&#8221;&#8221; el_class=&#8221;container&#8221;][vc_column css=&#8221;.vc_custom_1494933874057{padding-right: 0px !important;padding-left: 0px !important;}&#8221;][\/vc_column][\/vc_row][vc_row overlay_dotted=&#8221;&#8221;][vc_column][vc_empty_space height=&#8221;35px&#8221;][vc_column_text css=&#8221;.vc_custom_1591659737051{margin-bottom: -20px !important;border-bottom-width: -20px !important;padding-bottom: -50px !important;}&#8221;] DEPOIMENTOS CLIENTES [\/vc_column_text][\/vc_column][\/vc_row]","protected":false},"author":1,"featured_media":1386,"parent":0,"menu_order":0,"comment_status":"closed","ping_status":"closed","template":"","meta":{"footnotes":""},"class_list":["post-434","page","type-page","status-publish","has-post-thumbnail","hentry"],"yoast_head":"<!-- This site is optimized with the Yoast SEO plugin v15.5 - https:\/\/yoast.com\/wordpress\/plugins\/seo\/ -->\n<title>Conhe\u00e7a meus projetos - Katleen Luizaga - Design de Interiores<\/title>\n<meta name=\"description\" content=\"O escrit\u00f3rio valoriza tend\u00eancias modernistas em Design de interiores com projetos contempor\u00e2neos e funcionais, pensado nos m\u00ednimos detalhes!\" \/>\n<meta name=\"robots\" content=\"index, follow, max-snippet:-1, max-image-preview:large, max-video-preview:-1\" \/>\n<link rel=\"canonical\" href=\"http:\/\/katleenluizaga.com.br\/?page_id=434\" \/>\n<meta property=\"og:locale\" content=\"pt_BR\" \/>\n<meta property=\"og:type\" content=\"article\" \/>\n<meta property=\"og:title\" content=\"Conhe\u00e7a meus projetos - Katleen Luizaga - Design de Interiores\" \/>\n<meta property=\"og:description\" content=\"O escrit\u00f3rio valoriza tend\u00eancias modernistas em Design de interiores com projetos contempor\u00e2neos e funcionais, pensado nos m\u00ednimos detalhes!\" \/>\n<meta property=\"og:url\" content=\"http:\/\/katleenluizaga.com.br\/?page_id=434\" \/>\n<meta property=\"og:site_name\" content=\"Katleen Luizaga\" \/>\n<meta property=\"article:modified_time\" content=\"2025-04-15T22:10:55+00:00\" \/>\n<meta property=\"og:image\" content=\"https:\/\/www.katleenluizaga.com.br\/wp-content\/uploads\/2017\/05\/1-Katleen-Luizaga_02.jpg\" \/>\n\t<meta property=\"og:image:width\" content=\"900\" \/>\n\t<meta property=\"og:image:height\" content=\"600\" \/>\n<meta name=\"twitter:card\" content=\"summary_large_image\" \/>\n<meta name=\"twitter:label1\" content=\"Est. reading time\">\n\t<meta name=\"twitter:data1\" content=\"2 minutos\">\n<script type=\"application\/ld+json\" class=\"yoast-schema-graph\">{\"@context\":\"https:\/\/schema.org\",\"@graph\":[{\"@type\":\"WebSite\",\"@id\":\"http:\/\/www.katleenluizaga.com.br\/#website\",\"url\":\"http:\/\/www.katleenluizaga.com.br\/\",\"name\":\"Katleen Luizaga\",\"description\":\"Interiores\",\"potentialAction\":[{\"@type\":\"SearchAction\",\"target\":\"http:\/\/www.katleenluizaga.com.br\/?s={search_term_string}\",\"query-input\":\"required name=search_term_string\"}],\"inLanguage\":\"pt-BR\"},{\"@type\":\"ImageObject\",\"@id\":\"http:\/\/katleenluizaga.com.br\/?page_id=434#primaryimage\",\"inLanguage\":\"pt-BR\",\"url\":\"https:\/\/www.katleenluizaga.com.br\/wp-content\/uploads\/2017\/05\/1-Katleen-Luizaga_02.jpg\",\"width\":900,\"height\":600},{\"@type\":\"WebPage\",\"@id\":\"http:\/\/katleenluizaga.com.br\/?page_id=434#webpage\",\"url\":\"http:\/\/katleenluizaga.com.br\/?page_id=434\",\"name\":\"Conhe\\u00e7a meus projetos - Katleen Luizaga - Design de Interiores\",\"isPartOf\":{\"@id\":\"http:\/\/www.katleenluizaga.com.br\/#website\"},\"primaryImageOfPage\":{\"@id\":\"http:\/\/katleenluizaga.com.br\/?page_id=434#primaryimage\"},\"datePublished\":\"2017-05-07T18:40:53+00:00\",\"dateModified\":\"2025-04-15T22:10:55+00:00\",\"description\":\"O escrit\\u00f3rio valoriza tend\\u00eancias modernistas em Design de interiores com projetos contempor\\u00e2neos e funcionais, pensado nos m\\u00ednimos detalhes!\",\"inLanguage\":\"pt-BR\",\"potentialAction\":[{\"@type\":\"ReadAction\",\"target\":[\"http:\/\/katleenluizaga.com.br\/?page_id=434\"]}]}]}<\/script>\n<!-- \/ Yoast SEO plugin. -->","_links":{"self":[{"href":"https:\/\/www.katleenluizaga.com.br\/index.php?rest_route=\/wp\/v2\/pages\/434","targetHints":{"allow":["GET"]}}],"collection":[{"href":"https:\/\/www.katleenluizaga.com.br\/index.php?rest_route=\/wp\/v2\/pages"}],"about":[{"href":"https:\/\/www.katleenluizaga.com.br\/index.php?rest_route=\/wp\/v2\/types\/page"}],"author":[{"embeddable":true,"href":"https:\/\/www.katleenluizaga.com.br\/index.php?rest_route=\/wp\/v2\/users\/1"}],"replies":[{"embeddable":true,"href":"https:\/\/www.katleenluizaga.com.br\/index.php?rest_route=%2Fwp%2Fv2%2Fcomments&post=434"}],"version-history":[{"count":34,"href":"https:\/\/www.katleenluizaga.com.br\/index.php?rest_route=\/wp\/v2\/pages\/434\/revisions"}],"predecessor-version":[{"id":1142,"href":"https:\/\/www.katleenluizaga.com.br\/index.php?rest_route=\/wp\/v2\/pages\/434\/revisions\/1142"}],"wp:featuredmedia":[{"embeddable":true,"href":"https:\/\/www.katleenluizaga.com.br\/index.php?rest_route=\/wp\/v2\/media\/1386"}],"wp:attachment":[{"href":"https:\/\/www.katleenluizaga.com.br\/index.php?rest_route=%2Fwp%2Fv2%2Fmedia&parent=434"}],"curies":[{"name":"wp","href":"https:\/\/api.w.org\/{rel}","templated":true}]}}