{"id":586,"date":"2017-05-21T13:15:47","date_gmt":"2017-05-21T13:15:47","guid":{"rendered":"https:\/\/victorthemes.com\/themes\/brixey\/home-slider-info-copy\/"},"modified":"2020-12-18T19:09:08","modified_gmt":"2020-12-18T19:09:08","slug":"home","status":"publish","type":"page","link":"https:\/\/www.katleenluizaga.com.br\/","title":{"rendered":"Home Slider Info Black"},"content":{"rendered":"<p>[vc_row content_placement=&#8221;middle&#8221; disable_element=&#8221;yes&#8221; overlay_dotted=&#8221;&#8221; css=&#8221;.vc_custom_1591368440454{background: #f9f9f9 url(https:\/\/victorthemes.com\/themes\/brixey\/wp-content\/uploads\/2017\/01\/background3.png?id=275) !important;background-position: 0 0 !important;background-repeat: no-repeat !important;}&#8221; el_class=&#8221;brxy-promo&#8221;][vc_column width=&#8221;1\/2&#8243; text_alignment=&#8221;text-center&#8221; css=&#8221;.vc_custom_1591367480076{border-right-width: 0px !important;padding-top: 0px !important;padding-right: 0px !important;padding-bottom: 0px !important;padding-left: 0px !important;background-image: url(http:\/\/katleenluizaga.com.br\/wp-content\/uploads\/2020\/06\/DSC_9676-e1591322814293.jpg?id=1157) !important;background-position: 0 0 !important;background-repeat: no-repeat !important;}&#8221; el_class=&#8221;promo-image&#8221;][vc_row_inner el_class=&#8221;promo-image&#8221;][vc_column_inner][\/vc_column_inner][\/vc_row_inner][\/vc_column][vc_column width=&#8221;1\/2&#8243; el_class=&#8221;promo-wrap&#8221;][vc_row_inner el_class=&#8221;promo-info&#8221;][vc_column_inner][vc_column_text]<div class=\"brxy-title promo-title brxy-title-69f5ae1f1ca47\">Cada projeto \u00e9 \u00fanico.<\/div>\n<p>&#x2796;\u00a0Projetos de Interiores Residencial e Corporativo<br \/>\n&#x2796;\u00a0Acompanhamento em Obras<br \/>\n&#x2796;\u00a0Consultoria Criativa<br \/>\n&#x2796;\u00a0Produ\u00e7\u00e3o de Ambientes ou Ambienta\u00e7\u00e3o<\/p>\n<p>[vc_empty_space height=\"10px\"][\/vc_column_text]<div class=\"clearfix\"><a class=\"brxy-btn brxy-white-btn  brxy-btn-69f5ae1f1ca77 brxy-btn-medium  \" href=\"#\" target=\"_blank\">Entre em contato<\/a><\/div>[\/vc_column_inner][\/vc_row_inner][\/vc_column][\/vc_row][vc_row disable_element=&#8221;yes&#8221; overlay_dotted=&#8221;&#8221;][vc_column][vc_empty_space height=&#8221;92px&#8221;]\n          <div class=\" brxy-title-wrap  brxy-heading-69f5ae1f1caab \">\n          <div class=\"section-title\">TRUSTED CLIENTS<\/div><div class=\"section-sub-title\">We have worked with some of great clients in worldwide.<\/div><\/div>[\/vc_column][\/vc_row]<\/p>\n","protected":false},"excerpt":{"rendered":"[vc_row content_placement=&#8221;middle&#8221; disable_element=&#8221;yes&#8221; overlay_dotted=&#8221;&#8221; css=&#8221;.vc_custom_1591368440454{background: #f9f9f9 url(https:\/\/victorthemes.com\/themes\/brixey\/wp-content\/uploads\/2017\/01\/background3.png?id=275) !important;background-position: 0 0 !important;background-repeat: no-repeat !important;}&#8221; el_class=&#8221;brxy-promo&#8221;][vc_column width=&#8221;1\/2&#8243; text_alignment=&#8221;text-center&#8221; css=&#8221;.vc_custom_1591367480076{border-right-width: 0px !important;padding-top: 0px !important;padding-right: 0px !important;padding-bottom: 0px !important;padding-left: 0px !important;background-image: url(http:\/\/katleenluizaga.com.br\/wp-content\/uploads\/2020\/06\/DSC_9676-e1591322814293.jpg?id=1157) !important;background-position: 0 0 !important;background-repeat: no-repeat !important;}&#8221; el_class=&#8221;promo-image&#8221;][vc_row_inner el_class=&#8221;promo-image&#8221;][vc_column_inner][\/vc_column_inner][\/vc_row_inner][\/vc_column][vc_column width=&#8221;1\/2&#8243; el_class=&#8221;promo-wrap&#8221;][vc_row_inner el_class=&#8221;promo-info&#8221;][vc_column_inner][vc_column_text] &#x2796;\u00a0Projetos de Interiores Residencial e Corporativo &#x2796;\u00a0Acompanhamento em Obras &#x2796;\u00a0Consultoria Criativa &#x2796;\u00a0Produ\u00e7\u00e3o de Ambientes ou Ambienta\u00e7\u00e3o&#8230;","protected":false},"author":1,"featured_media":1411,"parent":0,"menu_order":0,"comment_status":"closed","ping_status":"closed","template":"home-template.php","meta":{"footnotes":""},"class_list":["post-586","page","type-page","status-publish","has-post-thumbnail","hentry"],"yoast_head":"<!-- This site is optimized with the Yoast SEO plugin v15.5 - https:\/\/yoast.com\/wordpress\/plugins\/seo\/ -->\n<title>KL Interiores - Design de interiores - Katleen Luizaga<\/title>\n<meta name=\"description\" content=\"A KL Interiores busca por solu\u00e7\u00f5es inovadoras e novas tecnologias. Design de interiores com foco do in\u00edcio ao fim do seu projeto!\" \/>\n<meta name=\"robots\" content=\"index, follow, max-snippet:-1, max-image-preview:large, max-video-preview:-1\" \/>\n<link rel=\"canonical\" href=\"https:\/\/katleenluizaga.com.br\/\" \/>\n<meta property=\"og:locale\" content=\"pt_BR\" \/>\n<meta property=\"og:type\" content=\"article\" \/>\n<meta property=\"og:title\" content=\"Katleen Luizaga\" \/>\n<meta property=\"og:description\" content=\"A busca constante por solu\u00e7\u00f5es inovadoras e novas tecnologias. Designer de interiores com foco do in\u00edcio ao fim do seu projeto!\" \/>\n<meta property=\"og:url\" content=\"https:\/\/katleenluizaga.com.br\/\" \/>\n<meta property=\"og:site_name\" content=\"Katleen Luizaga\" \/>\n<meta property=\"article:modified_time\" content=\"2020-12-18T19:09:08+00:00\" \/>\n<meta property=\"og:image\" content=\"https:\/\/www.katleenluizaga.com.br\/wp-content\/uploads\/2020\/12\/Sem-Titulo-2.jpg\" \/>\n\t<meta property=\"og:image:width\" content=\"200\" \/>\n\t<meta property=\"og:image:height\" content=\"200\" \/>\n<meta name=\"twitter:card\" content=\"summary_large_image\" \/>\n<meta name=\"twitter:title\" content=\"Katleen Luizaga\" \/>\n<meta name=\"twitter:description\" content=\"A busca constante por solu\u00e7\u00f5es inovadoras e novas tecnologias. Designer de interiores com foco do in\u00edcio ao fim do seu projeto!\" \/>\n<meta name=\"twitter:image\" content=\"https:\/\/www.katleenluizaga.com.br\/wp-content\/uploads\/2020\/12\/Sem-Titulo-2.jpg\" \/>\n<meta name=\"twitter:label1\" content=\"Est. reading time\">\n\t<meta name=\"twitter:data1\" content=\"1 minuto\">\n<script type=\"application\/ld+json\" class=\"yoast-schema-graph\">{\"@context\":\"https:\/\/schema.org\",\"@graph\":[{\"@type\":\"WebSite\",\"@id\":\"https:\/\/katleenluizaga.com.br\/#website\",\"url\":\"https:\/\/katleenluizaga.com.br\/\",\"name\":\"Katleen Luizaga\",\"description\":\"Interiores\",\"potentialAction\":[{\"@type\":\"SearchAction\",\"target\":\"https:\/\/katleenluizaga.com.br\/?s={search_term_string}\",\"query-input\":\"required name=search_term_string\"}],\"inLanguage\":\"pt-BR\"},{\"@type\":\"ImageObject\",\"@id\":\"https:\/\/katleenluizaga.com.br\/#primaryimage\",\"inLanguage\":\"pt-BR\",\"url\":\"https:\/\/www.katleenluizaga.com.br\/wp-content\/uploads\/2020\/12\/Sem-Titulo-2.jpg\",\"width\":200,\"height\":200},{\"@type\":\"WebPage\",\"@id\":\"https:\/\/katleenluizaga.com.br\/#webpage\",\"url\":\"https:\/\/katleenluizaga.com.br\/\",\"name\":\"KL Interiores - Design de interiores - Katleen Luizaga\",\"isPartOf\":{\"@id\":\"https:\/\/katleenluizaga.com.br\/#website\"},\"primaryImageOfPage\":{\"@id\":\"https:\/\/katleenluizaga.com.br\/#primaryimage\"},\"datePublished\":\"2017-05-21T13:15:47+00:00\",\"dateModified\":\"2020-12-18T19:09:08+00:00\",\"description\":\"A KL Interiores busca por solu\\u00e7\\u00f5es inovadoras e novas tecnologias. Design de interiores com foco do in\\u00edcio ao fim do seu projeto!\",\"inLanguage\":\"pt-BR\",\"potentialAction\":[{\"@type\":\"ReadAction\",\"target\":[\"https:\/\/katleenluizaga.com.br\/\"]}]}]}<\/script>\n<!-- \/ Yoast SEO plugin. -->","_links":{"self":[{"href":"https:\/\/www.katleenluizaga.com.br\/index.php?rest_route=\/wp\/v2\/pages\/586","targetHints":{"allow":["GET"]}}],"collection":[{"href":"https:\/\/www.katleenluizaga.com.br\/index.php?rest_route=\/wp\/v2\/pages"}],"about":[{"href":"https:\/\/www.katleenluizaga.com.br\/index.php?rest_route=\/wp\/v2\/types\/page"}],"author":[{"embeddable":true,"href":"https:\/\/www.katleenluizaga.com.br\/index.php?rest_route=\/wp\/v2\/users\/1"}],"replies":[{"embeddable":true,"href":"https:\/\/www.katleenluizaga.com.br\/index.php?rest_route=%2Fwp%2Fv2%2Fcomments&post=586"}],"version-history":[{"count":19,"href":"https:\/\/www.katleenluizaga.com.br\/index.php?rest_route=\/wp\/v2\/pages\/586\/revisions"}],"predecessor-version":[{"id":1238,"href":"https:\/\/www.katleenluizaga.com.br\/index.php?rest_route=\/wp\/v2\/pages\/586\/revisions\/1238"}],"wp:featuredmedia":[{"embeddable":true,"href":"https:\/\/www.katleenluizaga.com.br\/index.php?rest_route=\/wp\/v2\/media\/1411"}],"wp:attachment":[{"href":"https:\/\/www.katleenluizaga.com.br\/index.php?rest_route=%2Fwp%2Fv2%2Fmedia&parent=586"}],"curies":[{"name":"wp","href":"https:\/\/api.w.org\/{rel}","templated":true}]}}